{"id":11,"date":"2021-12-09T02:07:03","date_gmt":"2021-12-09T02:07:03","guid":{"rendered":"http:\/\/olympus2.gliffen.com\/~audiodeveloper\/?page_id=11"},"modified":"2025-06-05T14:48:44","modified_gmt":"2025-06-05T14:48:44","slug":"sign-up-for-sdk-access","status":"publish","type":"page","link":"https:\/\/audiodeveloper.omsystem.com\/fr\/sign-up-for-sdk-access\/","title":{"rendered":"Demander l&#039;acc\u00e8s au SDK"},"content":{"rendered":"<p>Notre proc\u00e9dure d'inscription est simple. Envoyez-nous une nouvelle demande d'assistance et informez-nous que vous souhaitez avoir acc\u00e8s \u00e0 notre SDK. Une fois votre demande re\u00e7ue, nous vous enverrons un accord de confidentialit\u00e9 \u00e0 signer et \u00e0 renvoyer. Une fois cette \u00e9tape franchie, nous cr\u00e9erons votre compte et vous enverrons les d\u00e9tails de connexion pour commencer. <\/p>\n\n\n\n<div class=\"ghostkit-grid ghostkit-grid-gap-md\"><div class=\"ghostkit-grid-inner\">\n<div class=\"ghostkit-col ghostkit-col-lg-12 ghostkit-col-4\"><div class=\"ghostkit-col-content is-layout-flow wp-block-ghostkit-grid-column-is-layout-flow\">\n<div class=\"ghostkit-icon-box ghostkit-custom-Z1r4R8x\"><div class=\"ghostkit-icon-box-icon ghostkit-icon-box-icon-align-top\"><svg class=\"ghostkit-svg-icon ghostkit-svg-icon-fa\" aria-hidden=\"true\" role=\"img\" xmlns=\"http:\/\/www.w3.org\/2000\/svg\" viewbox=\"0 0 448 512\"><path fill=\"currentColor\" d=\"M448 75.2v361.7c0 24.3-19 43.2-43.2 43.2H43.2C19.3 480 0 461.4 0 436.8V75.2C0 51.1 18.8 32 43.2 32h361.7c24 0 43.1 18.8 43.1 43.2zm-37.3 361.6V75.2c0-3-2.6-5.8-5.8-5.8h-9.3L285.3 144 224 94.1 162.8 144 52.5 69.3h-9.3c-3.2 0-5.8 2.8-5.8 5.8v361.7c0 3 2.6 5.8 5.8 5.8h361.7c3.2.1 5.8-2.7 5.8-5.8zM150.2 186v37H76.7v-37h73.5zm0 74.4v37.3H76.7v-37.3h73.5zm11.1-147.3l54-43.7H96.8l64.5 43.7zm210 72.9v37h-196v-37h196zm0 74.4v37.3h-196v-37.3h196zm-84.6-147.3l64.5-43.7H232.8l53.9 43.7zM371.3 335v37.3h-99.4V335h99.4z\"><\/path><\/svg><\/div><div class=\"ghostkit-icon-box-content is-layout-flow wp-block-ghostkit-icon-box-is-layout-flow\">\n<h3 class=\"has-text-align-center wp-block-heading\">Enregistrez un<br>Nouveau compte<\/h3>\n<\/div><\/div>\n<\/div><\/div>\n\n\n\n<div class=\"ghostkit-col ghostkit-col-lg-12 ghostkit-col-4\"><div class=\"ghostkit-col-content is-layout-flow wp-block-ghostkit-grid-column-is-layout-flow\">\n<div class=\"ghostkit-icon-box ghostkit-custom-1pWtNk\"><div class=\"ghostkit-icon-box-icon ghostkit-icon-box-icon-align-top\"><svg class=\"ghostkit-svg-icon ghostkit-svg-icon-fa\" aria-hidden=\"true\" role=\"img\" xmlns=\"http:\/\/www.w3.org\/2000\/svg\" viewbox=\"0 0 576 512\"><path fill=\"currentColor\" d=\"M218.17 424.14c-2.95-5.92-8.09-6.52-10.17-6.52s-7.22.59-10.02 6.19l-7.67 15.34c-6.37 12.78-25.03 11.37-29.48-2.09L144 386.59l-10.61 31.88c-5.89 17.66-22.38 29.53-41 29.53H80c-8.84 0-16-7.16-16-16s7.16-16 16-16h12.39c4.83 0 9.11-3.08 10.64-7.66l18.19-54.64c3.3-9.81 12.44-16.41 22.78-16.41s19.48 6.59 22.77 16.41l13.88 41.64c19.75-16.19 54.06-9.7 66 14.16 1.89 3.78 5.49 5.95 9.36 6.26v-82.12l128-127.09V160H248c-13.2 0-24-10.8-24-24V0H24C10.7 0 0 10.7 0 24v464c0 13.3 10.7 24 24 24h336c13.3 0 24-10.7 24-24v-40l-128-.11c-16.12-.31-30.58-9.28-37.83-23.75zM384 121.9c0-6.3-2.5-12.4-7-16.9L279.1 7c-4.5-4.5-10.6-7-17-7H256v128h128v-6.1zm-96 225.06V416h68.99l161.68-162.78-67.88-67.88L288 346.96zm280.54-179.63l-31.87-31.87c-9.94-9.94-26.07-9.94-36.01 0l-27.25 27.25 67.88 67.88 27.25-27.25c9.95-9.94 9.95-26.07 0-36.01z\"><\/path><\/svg><\/div><div class=\"ghostkit-icon-box-content is-layout-flow wp-block-ghostkit-icon-box-is-layout-flow\">\n<h3 class=\"has-text-align-center wp-block-heading\">Accord de non-divulgation complet<br>Une entente<\/h3>\n<\/div><\/div>\n<\/div><\/div>\n\n\n\n<div class=\"ghostkit-col ghostkit-col-lg-12 ghostkit-col-4\"><div class=\"ghostkit-col-content is-layout-flow wp-block-ghostkit-grid-column-is-layout-flow\">\n<div class=\"ghostkit-icon-box ghostkit-custom-Z1hUwVJ\"><div class=\"ghostkit-icon-box-icon ghostkit-icon-box-icon-align-top\"><svg class=\"ghostkit-svg-icon ghostkit-svg-icon-fa\" aria-hidden=\"true\" role=\"img\" xmlns=\"http:\/\/www.w3.org\/2000\/svg\" viewbox=\"0 0 512 512\"><path fill=\"currentColor\" d=\"M416 448h-84c-6.6 0-12-5.4-12-12v-40c0-6.6 5.4-12 12-12h84c17.7 0 32-14.3 32-32V160c0-17.7-14.3-32-32-32h-84c-6.6 0-12-5.4-12-12V76c0-6.6 5.4-12 12-12h84c53 0 96 43 96 96v192c0 53-43 96-96 96zm-47-201L201 79c-15-15-41-4.5-41 17v96H24c-13.3 0-24 10.7-24 24v96c0 13.3 10.7 24 24 24h136v96c0 21.5 26 32 41 17l168-168c9.3-9.4 9.3-24.6 0-34z\"><\/path><\/svg><\/div><div class=\"ghostkit-icon-box-content is-layout-flow wp-block-ghostkit-icon-box-is-layout-flow\">\n<h3 class=\"has-text-align-center wp-block-heading\">Acc\u00e9der au SDK et<br>Documentation<\/h3>\n<\/div><\/div>\n<\/div><\/div>\n<\/div><\/div>\n\n\n\n<div class=\"ghostkit-button-wrapper ghostkit-button-wrapper-gap-md ghostkit-button-wrapper-align-center ghostkit-custom-aN8A1\"><div class=\"ghostkit-button-wrapper-inner\">\n<a class=\"ghostkit-button ghostkit-button-md ghostkit-custom-ZVppuf\" href=\"https:\/\/audiopro-support.explore.omsystem.com\/hc\/en-us\/requests\/new\"><span class=\"ghostkit-button-text\"><strong>DEMANDE D'ACC\u00c8S AU SDK<\/strong><\/span><\/a>\n<\/div><\/div>\n<\/div><\/div>\n<!-- \/wp:post-content --><\/div><\/div>\n<!-- \/wp:ghostkit\/grid -->\n\n<!-- wp:gravityforms\/form {\"formId\":\"1\"} \/-->","protected":false},"excerpt":{"rendered":"<p>Our signup process is easy. Please send us a New Support Request, and inform us that you would like to have access to our SDK. Once we receive your request we will send you an NDA agreement to sign and return. Once that is completed, we will create your account and send you login details [&hellip;]<\/p>\n","protected":false},"author":1,"featured_media":0,"parent":0,"menu_order":0,"comment_status":"closed","ping_status":"closed","template":"","meta":{"ghostkit_customizer_options":"","ghostkit_custom_css":"","ghostkit_custom_js_head":"","ghostkit_custom_js_foot":"","ghostkit_typography":"","footnotes":""},"class_list":["post-11","page","type-page","status-publish","hentry"],"yoast_head":"<!-- This site is optimized with the Yoast SEO plugin v27.5 - https:\/\/yoast.com\/product\/yoast-seo-wordpress\/ -->\n<title>Apply for SDK Access - Audio SDK Support<\/title>\n<meta name=\"robots\" content=\"index, follow, max-snippet:-1, max-image-preview:large, max-video-preview:-1\" \/>\n<link rel=\"canonical\" href=\"https:\/\/audiodeveloper.omsystem.com\/fr\/sign-up-for-sdk-access\/\" \/>\n<meta property=\"og:locale\" content=\"fr_FR\" \/>\n<meta property=\"og:type\" content=\"article\" \/>\n<meta property=\"og:title\" content=\"Apply for SDK Access - Audio SDK Support\" \/>\n<meta property=\"og:description\" content=\"Our signup process is easy. Please send us a New Support Request, and inform us that you would like to have access to our SDK. Once we receive your request we will send you an NDA agreement to sign and return. Once that is completed, we will create your account and send you login details [&hellip;]\" \/>\n<meta property=\"og:url\" content=\"https:\/\/audiodeveloper.omsystem.com\/fr\/sign-up-for-sdk-access\/\" \/>\n<meta property=\"og:site_name\" content=\"Audio SDK Support\" \/>\n<meta property=\"article:modified_time\" content=\"2025-06-05T14:48:44+00:00\" \/>\n<meta name=\"twitter:card\" content=\"summary_large_image\" \/>\n<meta name=\"twitter:label1\" content=\"Dur\u00e9e de lecture estim\u00e9e\" \/>\n\t<meta name=\"twitter:data1\" content=\"1 minute\" \/>\n<script type=\"application\/ld+json\" class=\"yoast-schema-graph\">{\"@context\":\"https:\\\/\\\/schema.org\",\"@graph\":[{\"@type\":\"WebPage\",\"@id\":\"https:\\\/\\\/audiodeveloper.omsystem.com\\\/sign-up-for-sdk-access\\\/\",\"url\":\"https:\\\/\\\/audiodeveloper.omsystem.com\\\/sign-up-for-sdk-access\\\/\",\"name\":\"Apply for SDK Access - Audio SDK Support\",\"isPartOf\":{\"@id\":\"https:\\\/\\\/audiodeveloper.omsystem.com\\\/#website\"},\"datePublished\":\"2021-12-09T02:07:03+00:00\",\"dateModified\":\"2025-06-05T14:48:44+00:00\",\"breadcrumb\":{\"@id\":\"https:\\\/\\\/audiodeveloper.omsystem.com\\\/sign-up-for-sdk-access\\\/#breadcrumb\"},\"inLanguage\":\"fr-FR\",\"potentialAction\":[{\"@type\":\"ReadAction\",\"target\":[\"https:\\\/\\\/audiodeveloper.omsystem.com\\\/sign-up-for-sdk-access\\\/\"]}]},{\"@type\":\"BreadcrumbList\",\"@id\":\"https:\\\/\\\/audiodeveloper.omsystem.com\\\/sign-up-for-sdk-access\\\/#breadcrumb\",\"itemListElement\":[{\"@type\":\"ListItem\",\"position\":1,\"name\":\"Home\",\"item\":\"https:\\\/\\\/audiodeveloper.omsystem.com\\\/\"},{\"@type\":\"ListItem\",\"position\":2,\"name\":\"Apply for SDK Access\"}]},{\"@type\":\"WebSite\",\"@id\":\"https:\\\/\\\/audiodeveloper.omsystem.com\\\/#website\",\"url\":\"https:\\\/\\\/audiodeveloper.omsystem.com\\\/\",\"name\":\"Audio SDK Support\",\"description\":\"OM Digital Solutions\",\"potentialAction\":[{\"@type\":\"SearchAction\",\"target\":{\"@type\":\"EntryPoint\",\"urlTemplate\":\"https:\\\/\\\/audiodeveloper.omsystem.com\\\/?s={search_term_string}\"},\"query-input\":{\"@type\":\"PropertyValueSpecification\",\"valueRequired\":true,\"valueName\":\"search_term_string\"}}],\"inLanguage\":\"fr-FR\"}]}<\/script>\n<!-- \/ Yoast SEO plugin. -->","yoast_head_json":{"title":"Demande d'acc\u00e8s au SDK - Soutien au SDK audio","robots":{"index":"index","follow":"follow","max-snippet":"max-snippet:-1","max-image-preview":"max-image-preview:large","max-video-preview":"max-video-preview:-1"},"canonical":"https:\/\/audiodeveloper.omsystem.com\/fr\/sign-up-for-sdk-access\/","og_locale":"fr_FR","og_type":"article","og_title":"Apply for SDK Access - Audio SDK Support","og_description":"Our signup process is easy. Please send us a New Support Request, and inform us that you would like to have access to our SDK. Once we receive your request we will send you an NDA agreement to sign and return. Once that is completed, we will create your account and send you login details [&hellip;]","og_url":"https:\/\/audiodeveloper.omsystem.com\/fr\/sign-up-for-sdk-access\/","og_site_name":"Audio SDK Support","article_modified_time":"2025-06-05T14:48:44+00:00","twitter_card":"summary_large_image","twitter_misc":{"Dur\u00e9e de lecture estim\u00e9e":"1 minute"},"schema":{"@context":"https:\/\/schema.org","@graph":[{"@type":"WebPage","@id":"https:\/\/audiodeveloper.omsystem.com\/sign-up-for-sdk-access\/","url":"https:\/\/audiodeveloper.omsystem.com\/sign-up-for-sdk-access\/","name":"Demande d'acc\u00e8s au SDK - Soutien au SDK audio","isPartOf":{"@id":"https:\/\/audiodeveloper.omsystem.com\/#website"},"datePublished":"2021-12-09T02:07:03+00:00","dateModified":"2025-06-05T14:48:44+00:00","breadcrumb":{"@id":"https:\/\/audiodeveloper.omsystem.com\/sign-up-for-sdk-access\/#breadcrumb"},"inLanguage":"fr-FR","potentialAction":[{"@type":"ReadAction","target":["https:\/\/audiodeveloper.omsystem.com\/sign-up-for-sdk-access\/"]}]},{"@type":"BreadcrumbList","@id":"https:\/\/audiodeveloper.omsystem.com\/sign-up-for-sdk-access\/#breadcrumb","itemListElement":[{"@type":"ListItem","position":1,"name":"Home","item":"https:\/\/audiodeveloper.omsystem.com\/"},{"@type":"ListItem","position":2,"name":"Apply for SDK Access"}]},{"@type":"WebSite","@id":"https:\/\/audiodeveloper.omsystem.com\/#website","url":"https:\/\/audiodeveloper.omsystem.com\/","name":"Prise en charge du SDK audio","description":"OM Digital Solutions","potentialAction":[{"@type":"SearchAction","target":{"@type":"EntryPoint","urlTemplate":"https:\/\/audiodeveloper.omsystem.com\/?s={search_term_string}"},"query-input":{"@type":"PropertyValueSpecification","valueRequired":true,"valueName":"search_term_string"}}],"inLanguage":"fr-FR"}]}},"_links":{"self":[{"href":"https:\/\/audiodeveloper.omsystem.com\/fr\/wp-json\/wp\/v2\/pages\/11","targetHints":{"allow":["GET"]}}],"collection":[{"href":"https:\/\/audiodeveloper.omsystem.com\/fr\/wp-json\/wp\/v2\/pages"}],"about":[{"href":"https:\/\/audiodeveloper.omsystem.com\/fr\/wp-json\/wp\/v2\/types\/page"}],"author":[{"embeddable":true,"href":"https:\/\/audiodeveloper.omsystem.com\/fr\/wp-json\/wp\/v2\/users\/1"}],"replies":[{"embeddable":true,"href":"https:\/\/audiodeveloper.omsystem.com\/fr\/wp-json\/wp\/v2\/comments?post=11"}],"version-history":[{"count":9,"href":"https:\/\/audiodeveloper.omsystem.com\/fr\/wp-json\/wp\/v2\/pages\/11\/revisions"}],"predecessor-version":[{"id":1226,"href":"https:\/\/audiodeveloper.omsystem.com\/fr\/wp-json\/wp\/v2\/pages\/11\/revisions\/1226"}],"wp:attachment":[{"href":"https:\/\/audiodeveloper.omsystem.com\/fr\/wp-json\/wp\/v2\/media?parent=11"}],"curies":[{"name":"wp","href":"https:\/\/api.w.org\/{rel}","templated":true}]}}