{"id":5,"date":"2021-12-09T02:02:04","date_gmt":"2021-12-09T02:02:04","guid":{"rendered":"http:\/\/olympus2.gliffen.com\/~audiodeveloper\/?page_id=5"},"modified":"2024-04-10T21:34:34","modified_gmt":"2024-04-10T21:34:34","slug":"olympus-sdk-access-home","status":"publish","type":"page","link":"https:\/\/audiodeveloper.omsystem.com\/es\/","title":{"rendered":"Acceso al SDK de Olympus Inicio"},"content":{"rendered":"<div class=\"wp-block-cover alignfull ghostkit-custom-Ovgyv\" style=\"min-height:240px;aspect-ratio:unset;\"><span aria-hidden=\"true\" class=\"wp-block-cover__background has-black-background-color has-background-dim\"><\/span><img loading=\"lazy\" decoding=\"async\" width=\"1920\" height=\"1165\" class=\"wp-block-cover__image-background wp-image-195\" alt=\"\" src=\"https:\/\/audiodeveloper.omsystem.com\/wp-content\/uploads\/2021\/12\/ferenc-almasi-VPmMy8YA_cU-unsplash.jpg\" data-object-fit=\"cover\" srcset=\"https:\/\/audiodeveloper.omsystem.com\/wp-content\/uploads\/2021\/12\/ferenc-almasi-VPmMy8YA_cU-unsplash.jpg 1920w, https:\/\/audiodeveloper.omsystem.com\/wp-content\/uploads\/2021\/12\/ferenc-almasi-VPmMy8YA_cU-unsplash-300x182.jpg 300w, https:\/\/audiodeveloper.omsystem.com\/wp-content\/uploads\/2021\/12\/ferenc-almasi-VPmMy8YA_cU-unsplash-1024x621.jpg 1024w, https:\/\/audiodeveloper.omsystem.com\/wp-content\/uploads\/2021\/12\/ferenc-almasi-VPmMy8YA_cU-unsplash-768x466.jpg 768w, https:\/\/audiodeveloper.omsystem.com\/wp-content\/uploads\/2021\/12\/ferenc-almasi-VPmMy8YA_cU-unsplash-1536x932.jpg 1536w\" sizes=\"auto, (max-width: 1920px) 100vw, 1920px\" \/><div class=\"wp-block-cover__inner-container is-layout-flow wp-block-cover-is-layout-flow\">\n<h1 class=\"wp-block-heading has-text-align-center\" id=\"om-system-olympussdk-developer-portal\"><strong>SISTEMA OM &amp;<\/strong> <strong>OLIMPO<br>PORTAL PARA DESARROLLADORES SDK<\/strong><\/h1>\n\n\n\n<div class=\"ghostkit-button-wrapper ghostkit-button-wrapper-gap-md ghostkit-button-wrapper-align-center ghostkit-custom-YTRFE\"><div class=\"ghostkit-button-wrapper-inner\">\n<a class=\"ghostkit-button ghostkit-button-md ghostkit-custom-Z5ohx5\" href=\"https:\/\/audiodeveloper.omsystem.com\/es\/audio-sdk-overview\/\"><span class=\"ghostkit-button-text\"><strong>ACCESO<\/strong><\/span><\/a>\n\n\n\n<a class=\"ghostkit-button ghostkit-button-md ghostkit-custom-Z1d8Ttx\" href=\"https:\/\/audiodeveloper.omsystem.com\/es\/sign-up-for-sdk-access\/\"><span class=\"ghostkit-button-text\"><strong>INSCRIBIRSE<\/strong><\/span><\/a>\n<\/div><\/div>\n<\/div><\/div>\n\n\n\n<p>\u00bfSu empresa u organizaci\u00f3n utiliza software de clase empresarial? Olympus ofrece un kit de desarrollo de software (SDK) completo para simplificar el proceso de conexi\u00f3n de sus sistemas existentes al hardware de Olympus. Ofrezca a su equipo de desarrollo una ventaja inicial con Olympus Audio SDK.<\/p>\n\n\n\n<p>Dise\u00f1adas espec\u00edficamente para una integraci\u00f3n intuitiva y para reducir el tiempo y el esfuerzo de desarrollo, las interfaces Olympus Audio SDK brindan aplicaciones de muestra completas con c\u00f3digo fuente y documentaci\u00f3n completa.<\/p>\n\n\n\n<div class=\"alignfull ghostkit-grid ghostkit-grid-gap-no ghostkit-custom-211jt7\"><div class=\"ghostkit-grid-inner\">\n<div class=\"ghostkit-col ghostkit-col-md-12 ghostkit-col-6 ghostkit-col-with-bg ghostkit-custom-Z1q3UHD\"><div class=\"nk-awb\"><div class=\"nk-awb-wrap\" data-awb-type=\"image\" data-awb-image-background-size=\"cover\" data-awb-image-background-position=\"54% 79%\"><div class=\"nk-awb-inner\"><img loading=\"lazy\" decoding=\"async\" src=\"https:\/\/audiodeveloper.omsystem.com\/wp-content\/uploads\/2024\/04\/OMDS-Pro-Audio-Headset_0589.jpg\" class=\"wp-image-1098 jarallax-img\" width=\"1920\" height=\"1440\" srcset=\"https:\/\/audiodeveloper.omsystem.com\/wp-content\/uploads\/2024\/04\/OMDS-Pro-Audio-Headset_0589.jpg 1920w, https:\/\/audiodeveloper.omsystem.com\/wp-content\/uploads\/2024\/04\/OMDS-Pro-Audio-Headset_0589-300x225.jpg 300w, https:\/\/audiodeveloper.omsystem.com\/wp-content\/uploads\/2024\/04\/OMDS-Pro-Audio-Headset_0589-1024x768.jpg 1024w, https:\/\/audiodeveloper.omsystem.com\/wp-content\/uploads\/2024\/04\/OMDS-Pro-Audio-Headset_0589-768x576.jpg 768w, https:\/\/audiodeveloper.omsystem.com\/wp-content\/uploads\/2024\/04\/OMDS-Pro-Audio-Headset_0589-1536x1152.jpg 1536w, https:\/\/audiodeveloper.omsystem.com\/wp-content\/uploads\/2024\/04\/OMDS-Pro-Audio-Headset_0589-16x12.jpg 16w\" sizes=\"auto, (max-width: 1920px) 100vw, 1920px\" \/><\/div><\/div><\/div><div class=\"ghostkit-col-content is-layout-flow wp-block-ghostkit-grid-column-is-layout-flow\">\n<div style=\"height:200px;width:0px\" aria-hidden=\"true\" class=\"wp-block-spacer\"><\/div>\n<\/div><\/div>\n\n\n\n<div class=\"ghostkit-col ghostkit-col-md-12 ghostkit-col-6 ghostkit-custom-Z1BqKe\"><div class=\"ghostkit-col-content is-layout-flow wp-block-ghostkit-grid-column-is-layout-flow\">\n<h2 class=\"wp-block-heading\" id=\"flexible-support-for-citrix-rds-and-linux\">Soporte flexible para Citrix, RDS y Linux<\/h2>\n\n\n\n<p>Con compatibilidad para el desarrollo de aplicaciones de 32 bits y 64 bits, soporte de programaci\u00f3n multiproceso para todas las funciones y una amplia gama de m\u00e9todos virtuales compatibles, incluidos los entornos Citrix, RDS y Linux, Audio SDK ofrece una flexibilidad superior. Tambi\u00e9n incluye interfaces comunes para entornos virtuales y locales, as\u00ed como funciones de administraci\u00f3n central de dispositivos para configuraciones de dispositivos y actualizaciones de firmware.<\/p>\n<\/div><\/div>\n<\/div><\/div>\n\n\n\n<div class=\"alignfull ghostkit-grid ghostkit-grid-gap-no\"><div class=\"ghostkit-grid-inner\">\n<div class=\"ghostkit-col ghostkit-col-md-12 ghostkit-col-6 ghostkit-custom-3Ow6A\"><div class=\"ghostkit-col-content is-layout-flow wp-block-ghostkit-grid-column-is-layout-flow\">\n<h2 class=\"wp-block-heading\" id=\"future-proof-with-microsoft-net-framework-support\">A prueba de futuro con soporte de Microsoft.Net Framework.<\/h2>\n\n\n\n<p>Cuando se trata de la longevidad de sus integraciones, Olympus Audio SDK est\u00e1 preparado para el futuro, ya que es compatible con las \u00faltimas versiones de software para desarrolladores, incluidos Visual Studios, .Net Framework y compatibilidad con m\u00faltiples lenguajes de programaci\u00f3n.<\/p>\n<\/div><\/div>\n\n\n\n<div class=\"ghostkit-col ghostkit-col-md-12 ghostkit-col-6 ghostkit-col-with-bg ghostkit-custom-1DJOFR\"><div class=\"nk-awb\"><div class=\"nk-awb-wrap\" data-awb-type=\"image\" data-awb-image-background-size=\"cover\" data-awb-image-background-position=\"50% 48%\"><div class=\"nk-awb-inner\"><img loading=\"lazy\" decoding=\"async\" src=\"https:\/\/audiodeveloper.omsystem.com\/wp-content\/uploads\/2024\/04\/OMDS-Pro-Audio-DS-9100_9940.jpg\" class=\"wp-image-1094 jarallax-img\" width=\"1920\" height=\"1440\" srcset=\"https:\/\/audiodeveloper.omsystem.com\/wp-content\/uploads\/2024\/04\/OMDS-Pro-Audio-DS-9100_9940.jpg 1920w, https:\/\/audiodeveloper.omsystem.com\/wp-content\/uploads\/2024\/04\/OMDS-Pro-Audio-DS-9100_9940-300x225.jpg 300w, https:\/\/audiodeveloper.omsystem.com\/wp-content\/uploads\/2024\/04\/OMDS-Pro-Audio-DS-9100_9940-1024x768.jpg 1024w, https:\/\/audiodeveloper.omsystem.com\/wp-content\/uploads\/2024\/04\/OMDS-Pro-Audio-DS-9100_9940-768x576.jpg 768w, https:\/\/audiodeveloper.omsystem.com\/wp-content\/uploads\/2024\/04\/OMDS-Pro-Audio-DS-9100_9940-1536x1152.jpg 1536w, https:\/\/audiodeveloper.omsystem.com\/wp-content\/uploads\/2024\/04\/OMDS-Pro-Audio-DS-9100_9940-16x12.jpg 16w\" sizes=\"auto, (max-width: 1920px) 100vw, 1920px\" \/><\/div><\/div><\/div><div class=\"ghostkit-col-content is-layout-flow wp-block-ghostkit-grid-column-is-layout-flow\">\n<div style=\"height:200px\" aria-hidden=\"true\" class=\"wp-block-spacer\"><\/div>\n<\/div><\/div>\n<\/div><\/div>\n\n\n\n<div class=\"alignfull ghostkit-grid ghostkit-grid-gap-no\"><div class=\"ghostkit-grid-inner\">\n<div class=\"ghostkit-col ghostkit-col-md-12 ghostkit-col-6 ghostkit-col-with-bg ghostkit-custom-5LboU\"><div class=\"nk-awb\"><div class=\"nk-awb-wrap\" data-awb-type=\"image\" data-awb-image-background-size=\"cover\" data-awb-image-background-position=\"49% 57%\"><div class=\"nk-awb-inner\"><img loading=\"lazy\" decoding=\"async\" src=\"https:\/\/audiodeveloper.omsystem.com\/wp-content\/uploads\/2024\/04\/OMDS-Pro-Audio-RECMIC-4010P_0373.jpg\" class=\"wp-image-1096 jarallax-img\" width=\"1920\" height=\"1440\" srcset=\"https:\/\/audiodeveloper.omsystem.com\/wp-content\/uploads\/2024\/04\/OMDS-Pro-Audio-RECMIC-4010P_0373.jpg 1920w, https:\/\/audiodeveloper.omsystem.com\/wp-content\/uploads\/2024\/04\/OMDS-Pro-Audio-RECMIC-4010P_0373-300x225.jpg 300w, https:\/\/audiodeveloper.omsystem.com\/wp-content\/uploads\/2024\/04\/OMDS-Pro-Audio-RECMIC-4010P_0373-1024x768.jpg 1024w, https:\/\/audiodeveloper.omsystem.com\/wp-content\/uploads\/2024\/04\/OMDS-Pro-Audio-RECMIC-4010P_0373-768x576.jpg 768w, https:\/\/audiodeveloper.omsystem.com\/wp-content\/uploads\/2024\/04\/OMDS-Pro-Audio-RECMIC-4010P_0373-1536x1152.jpg 1536w, https:\/\/audiodeveloper.omsystem.com\/wp-content\/uploads\/2024\/04\/OMDS-Pro-Audio-RECMIC-4010P_0373-16x12.jpg 16w\" sizes=\"auto, (max-width: 1920px) 100vw, 1920px\" \/><\/div><\/div><\/div><div class=\"ghostkit-col-content is-layout-flow wp-block-ghostkit-grid-column-is-layout-flow\">\n<div style=\"height:200px\" aria-hidden=\"true\" class=\"wp-block-spacer\"><\/div>\n<\/div><\/div>\n\n\n\n<div class=\"ghostkit-col ghostkit-col-md-12 ghostkit-col-6 ghostkit-custom-J2nn9\"><div class=\"ghostkit-col-content is-layout-flow wp-block-ghostkit-grid-column-is-layout-flow\">\n<h2 class=\"wp-block-heading\" id=\"data-security-with-smaller-audio-files\">Seguridad de datos con archivos de audio m\u00e1s peque\u00f1os.<\/h2>\n\n\n\n<p>Las organizaciones tambi\u00e9n pueden maximizar el resultado de sus integraciones mediante el uso de las funciones DSS y DSS pro para producir una calidad de audio excepcional y, al mismo tiempo, reducir el tama\u00f1o de los archivos y protegerlos con el cifrado AES de 256 bits.<\/p>\n<\/div><\/div>\n<\/div><\/div>\n\n\n\n<div class=\"alignfull ghostkit-grid ghostkit-grid-gap-no\"><div class=\"ghostkit-grid-inner\">\n<div class=\"ghostkit-col ghostkit-col-md-12 ghostkit-col-6 ghostkit-custom-293VKA\"><div class=\"ghostkit-col-content is-layout-flow wp-block-ghostkit-grid-column-is-layout-flow\">\n<h2 class=\"wp-block-heading\" id=\"integrator-program\">Programa Integrador<\/h2>\n\n\n\n<p>El uso del SDK para implementar integraciones de software presenta sus desaf\u00edos, pero convenientemente, Olympus brinda soporte completo a trav\u00e9s de nuestro Programa de integraci\u00f3n, que presenta una amplia gama de beneficios que incluyen un administrador de cuenta personal dedicado, soporte t\u00e9cnico experto, una amplia gama de recursos y mucho m\u00e1s. Obtenga m\u00e1s informaci\u00f3n sobre el programa integrador aqu\u00ed.<\/p>\n<\/div><\/div>\n\n\n\n<div class=\"ghostkit-col ghostkit-col-md-12 ghostkit-col-6 ghostkit-col-with-bg ghostkit-custom-7khGb\"><div class=\"nk-awb\"><div class=\"nk-awb-wrap\" data-awb-type=\"image\" data-awb-image-background-size=\"cover\" data-awb-image-background-position=\"50% 34%\"><div class=\"nk-awb-inner\"><img loading=\"lazy\" decoding=\"async\" src=\"http:\/\/olympus2.gliffen.com\/~audiodeveloper\/wp-content\/uploads\/2022\/01\/scott-graham-5fNmWej4tAA-unsplash.jpg\" class=\"wp-image-542 jarallax-img\" width=\"1920\" height=\"1281\" srcset=\"https:\/\/audiodeveloper.omsystem.com\/wp-content\/uploads\/2022\/01\/scott-graham-5fNmWej4tAA-unsplash.jpg 1920w, https:\/\/audiodeveloper.omsystem.com\/wp-content\/uploads\/2022\/01\/scott-graham-5fNmWej4tAA-unsplash-300x200.jpg 300w, https:\/\/audiodeveloper.omsystem.com\/wp-content\/uploads\/2022\/01\/scott-graham-5fNmWej4tAA-unsplash-1024x683.jpg 1024w, https:\/\/audiodeveloper.omsystem.com\/wp-content\/uploads\/2022\/01\/scott-graham-5fNmWej4tAA-unsplash-768x512.jpg 768w, https:\/\/audiodeveloper.omsystem.com\/wp-content\/uploads\/2022\/01\/scott-graham-5fNmWej4tAA-unsplash-1536x1025.jpg 1536w\" sizes=\"auto, (max-width: 1920px) 100vw, 1920px\" \/><\/div><\/div><\/div><div class=\"ghostkit-col-content is-layout-flow wp-block-ghostkit-grid-column-is-layout-flow\">\n<div style=\"height:200px\" aria-hidden=\"true\" class=\"wp-block-spacer\"><\/div>\n<\/div><\/div>\n<\/div><\/div>\n\n\n\n<h2 class=\"wp-block-heading has-text-align-center ghostkit-custom-1xGLPb\" id=\"easy-signup\">REGISTRO F\u00c1CIL<\/h2>\n\n\n\n<div class=\"ghostkit-grid ghostkit-grid-gap-md\"><div class=\"ghostkit-grid-inner\">\n<div class=\"ghostkit-col ghostkit-col-lg-12 ghostkit-col-4\"><div class=\"ghostkit-col-content is-layout-flow wp-block-ghostkit-grid-column-is-layout-flow\">\n<div class=\"ghostkit-icon-box ghostkit-custom-Z1r4R8x\"><div class=\"ghostkit-icon-box-icon ghostkit-icon-box-icon-align-top\"><svg class=\"ghostkit-svg-icon ghostkit-svg-icon-fa\" aria-hidden=\"true\" role=\"img\" xmlns=\"http:\/\/www.w3.org\/2000\/svg\" viewbox=\"0 0 448 512\"><path fill=\"currentColor\" d=\"M448 75.2v361.7c0 24.3-19 43.2-43.2 43.2H43.2C19.3 480 0 461.4 0 436.8V75.2C0 51.1 18.8 32 43.2 32h361.7c24 0 43.1 18.8 43.1 43.2zm-37.3 361.6V75.2c0-3-2.6-5.8-5.8-5.8h-9.3L285.3 144 224 94.1 162.8 144 52.5 69.3h-9.3c-3.2 0-5.8 2.8-5.8 5.8v361.7c0 3 2.6 5.8 5.8 5.8h361.7c3.2.1 5.8-2.7 5.8-5.8zM150.2 186v37H76.7v-37h73.5zm0 74.4v37.3H76.7v-37.3h73.5zm11.1-147.3l54-43.7H96.8l64.5 43.7zm210 72.9v37h-196v-37h196zm0 74.4v37.3h-196v-37.3h196zm-84.6-147.3l64.5-43.7H232.8l53.9 43.7zM371.3 335v37.3h-99.4V335h99.4z\"><\/path><\/svg><\/div><div class=\"ghostkit-icon-box-content is-layout-flow wp-block-ghostkit-icon-box-is-layout-flow\">\n\n<h3 class=\"has-text-align-center wp-block-heading\" id=\"register-anew-account\">Registrar un<br>Nueva cuenta<\/h3>\n\n<\/div><\/div>\n<\/div><\/div>\n\n\n\n<div class=\"ghostkit-col ghostkit-col-lg-12 ghostkit-col-4\"><div class=\"ghostkit-col-content is-layout-flow wp-block-ghostkit-grid-column-is-layout-flow\">\n<div class=\"ghostkit-icon-box ghostkit-custom-1pWtNk\"><div class=\"ghostkit-icon-box-icon ghostkit-icon-box-icon-align-top\"><svg class=\"ghostkit-svg-icon ghostkit-svg-icon-fa\" aria-hidden=\"true\" role=\"img\" xmlns=\"http:\/\/www.w3.org\/2000\/svg\" viewbox=\"0 0 576 512\"><path fill=\"currentColor\" d=\"M218.17 424.14c-2.95-5.92-8.09-6.52-10.17-6.52s-7.22.59-10.02 6.19l-7.67 15.34c-6.37 12.78-25.03 11.37-29.48-2.09L144 386.59l-10.61 31.88c-5.89 17.66-22.38 29.53-41 29.53H80c-8.84 0-16-7.16-16-16s7.16-16 16-16h12.39c4.83 0 9.11-3.08 10.64-7.66l18.19-54.64c3.3-9.81 12.44-16.41 22.78-16.41s19.48 6.59 22.77 16.41l13.88 41.64c19.75-16.19 54.06-9.7 66 14.16 1.89 3.78 5.49 5.95 9.36 6.26v-82.12l128-127.09V160H248c-13.2 0-24-10.8-24-24V0H24C10.7 0 0 10.7 0 24v464c0 13.3 10.7 24 24 24h336c13.3 0 24-10.7 24-24v-40l-128-.11c-16.12-.31-30.58-9.28-37.83-23.75zM384 121.9c0-6.3-2.5-12.4-7-16.9L279.1 7c-4.5-4.5-10.6-7-17-7H256v128h128v-6.1zm-96 225.06V416h68.99l161.68-162.78-67.88-67.88L288 346.96zm280.54-179.63l-31.87-31.87c-9.94-9.94-26.07-9.94-36.01 0l-27.25 27.25 67.88 67.88 27.25-27.25c9.95-9.94 9.95-26.07 0-36.01z\"><\/path><\/svg><\/div><div class=\"ghostkit-icon-box-content is-layout-flow wp-block-ghostkit-icon-box-is-layout-flow\">\n\n<h3 class=\"has-text-align-center wp-block-heading\" id=\"complete-ndaagreement\">Acuerdo de confidencialidad completo<br>Convenio<\/h3>\n\n<\/div><\/div>\n<\/div><\/div>\n\n\n\n<div class=\"ghostkit-col ghostkit-col-lg-12 ghostkit-col-4\"><div class=\"ghostkit-col-content is-layout-flow wp-block-ghostkit-grid-column-is-layout-flow\">\n<div class=\"ghostkit-icon-box ghostkit-custom-Z1hUwVJ\"><div class=\"ghostkit-icon-box-icon ghostkit-icon-box-icon-align-top\"><svg class=\"ghostkit-svg-icon ghostkit-svg-icon-fa\" aria-hidden=\"true\" role=\"img\" xmlns=\"http:\/\/www.w3.org\/2000\/svg\" viewbox=\"0 0 512 512\"><path fill=\"currentColor\" d=\"M416 448h-84c-6.6 0-12-5.4-12-12v-40c0-6.6 5.4-12 12-12h84c17.7 0 32-14.3 32-32V160c0-17.7-14.3-32-32-32h-84c-6.6 0-12-5.4-12-12V76c0-6.6 5.4-12 12-12h84c53 0 96 43 96 96v192c0 53-43 96-96 96zm-47-201L201 79c-15-15-41-4.5-41 17v96H24c-13.3 0-24 10.7-24 24v96c0 13.3 10.7 24 24 24h136v96c0 21.5 26 32 41 17l168-168c9.3-9.4 9.3-24.6 0-34z\"><\/path><\/svg><\/div><div class=\"ghostkit-icon-box-content is-layout-flow wp-block-ghostkit-icon-box-is-layout-flow\">\n\n<h3 class=\"has-text-align-center wp-block-heading\" id=\"access-sdk-documentation\">Acceso SDK y<br>Documentaci\u00f3n<\/h3>\n\n<\/div><\/div>\n<\/div><\/div>\n<\/div><\/div>\n\n\n\n<div class=\"ghostkit-button-wrapper ghostkit-button-wrapper-gap-md ghostkit-button-wrapper-align-center ghostkit-custom-Z2ua3Rw\"><div class=\"ghostkit-button-wrapper-inner\">\n<a class=\"ghostkit-button ghostkit-button-md ghostkit-custom-2aqvCN\" href=\"https:\/\/audiodeveloper.omsystem.com\/es\/sign-up-for-sdk-access\/\"><span class=\"ghostkit-button-text\"><strong>EMPEZAR<\/strong><\/span><\/a>\n<\/div><\/div>","protected":false},"excerpt":{"rendered":"<p>Does your company or organization utilize enterprise class software? Olympus offers a full Software Development Kit (SDK) to simplify the process of connecting your existing systems to Olympus hardware. Give your development team a head start with the Olympus Audio SDK. Specifically designed for intuitive integration and reducing development time and effort, the Olympus Audio [&hellip;]<\/p>\n","protected":false},"author":1,"featured_media":195,"parent":0,"menu_order":0,"comment_status":"closed","ping_status":"closed","template":"","meta":{"ghostkit_customizer_options":"","ghostkit_custom_css":"","ghostkit_custom_js_head":"","ghostkit_custom_js_foot":"","ghostkit_typography":"","footnotes":""},"class_list":["post-5","page","type-page","status-publish","has-post-thumbnail","hentry"],"yoast_head":"<!-- This site is optimized with the Yoast SEO plugin v27.4 - https:\/\/yoast.com\/product\/yoast-seo-wordpress\/ -->\n<title>Olympus SDK Access Home - Audio SDK Support<\/title>\n<meta name=\"robots\" content=\"index, follow, max-snippet:-1, max-image-preview:large, max-video-preview:-1\" \/>\n<link rel=\"canonical\" href=\"https:\/\/audiodeveloper.omsystem.com\/es\/\" \/>\n<meta property=\"og:locale\" content=\"es_ES\" \/>\n<meta property=\"og:type\" content=\"article\" \/>\n<meta property=\"og:title\" content=\"Olympus SDK Access Home - Audio SDK Support\" \/>\n<meta property=\"og:description\" content=\"Does your company or organization utilize enterprise class software? Olympus offers a full Software Development Kit (SDK) to simplify the process of connecting your existing systems to Olympus hardware. Give your development team a head start with the Olympus Audio SDK. Specifically designed for intuitive integration and reducing development time and effort, the Olympus Audio [&hellip;]\" \/>\n<meta property=\"og:url\" content=\"https:\/\/audiodeveloper.omsystem.com\/es\/\" \/>\n<meta property=\"og:site_name\" content=\"Audio SDK Support\" \/>\n<meta property=\"article:modified_time\" content=\"2024-04-10T21:34:34+00:00\" \/>\n<meta property=\"og:image\" content=\"https:\/\/audiodeveloper.omsystem.com\/wp-content\/uploads\/2021\/12\/ferenc-almasi-VPmMy8YA_cU-unsplash.jpg\" \/>\n\t<meta property=\"og:image:width\" content=\"1920\" \/>\n\t<meta property=\"og:image:height\" content=\"1165\" \/>\n\t<meta property=\"og:image:type\" content=\"image\/jpeg\" \/>\n<meta name=\"twitter:card\" content=\"summary_large_image\" \/>\n<meta name=\"twitter:label1\" content=\"Tiempo de lectura\" \/>\n\t<meta name=\"twitter:data1\" content=\"3 minutos\" \/>\n<script type=\"application\/ld+json\" class=\"yoast-schema-graph\">{\"@context\":\"https:\\\/\\\/schema.org\",\"@graph\":[{\"@type\":\"WebPage\",\"@id\":\"https:\\\/\\\/audiodeveloper.omsystem.com\\\/\",\"url\":\"https:\\\/\\\/audiodeveloper.omsystem.com\\\/\",\"name\":\"Olympus SDK Access Home - Audio SDK Support\",\"isPartOf\":{\"@id\":\"https:\\\/\\\/audiodeveloper.omsystem.com\\\/#website\"},\"primaryImageOfPage\":{\"@id\":\"https:\\\/\\\/audiodeveloper.omsystem.com\\\/#primaryimage\"},\"image\":{\"@id\":\"https:\\\/\\\/audiodeveloper.omsystem.com\\\/#primaryimage\"},\"thumbnailUrl\":\"https:\\\/\\\/audiodeveloper.omsystem.com\\\/wp-content\\\/uploads\\\/2021\\\/12\\\/ferenc-almasi-VPmMy8YA_cU-unsplash.jpg\",\"datePublished\":\"2021-12-09T02:02:04+00:00\",\"dateModified\":\"2024-04-10T21:34:34+00:00\",\"breadcrumb\":{\"@id\":\"https:\\\/\\\/audiodeveloper.omsystem.com\\\/#breadcrumb\"},\"inLanguage\":\"es\",\"potentialAction\":[{\"@type\":\"ReadAction\",\"target\":[\"https:\\\/\\\/audiodeveloper.omsystem.com\\\/\"]}]},{\"@type\":\"ImageObject\",\"inLanguage\":\"es\",\"@id\":\"https:\\\/\\\/audiodeveloper.omsystem.com\\\/#primaryimage\",\"url\":\"https:\\\/\\\/audiodeveloper.omsystem.com\\\/wp-content\\\/uploads\\\/2021\\\/12\\\/ferenc-almasi-VPmMy8YA_cU-unsplash.jpg\",\"contentUrl\":\"https:\\\/\\\/audiodeveloper.omsystem.com\\\/wp-content\\\/uploads\\\/2021\\\/12\\\/ferenc-almasi-VPmMy8YA_cU-unsplash.jpg\",\"width\":1920,\"height\":1165},{\"@type\":\"BreadcrumbList\",\"@id\":\"https:\\\/\\\/audiodeveloper.omsystem.com\\\/#breadcrumb\",\"itemListElement\":[{\"@type\":\"ListItem\",\"position\":1,\"name\":\"Home\",\"item\":\"https:\\\/\\\/audiodeveloper.omsystem.com\\\/\"},{\"@type\":\"ListItem\",\"position\":2,\"name\":\"Olympus SDK Access Home\"}]},{\"@type\":\"WebSite\",\"@id\":\"https:\\\/\\\/audiodeveloper.omsystem.com\\\/#website\",\"url\":\"https:\\\/\\\/audiodeveloper.omsystem.com\\\/\",\"name\":\"Audio SDK Support\",\"description\":\"OM Digital Solutions\",\"potentialAction\":[{\"@type\":\"SearchAction\",\"target\":{\"@type\":\"EntryPoint\",\"urlTemplate\":\"https:\\\/\\\/audiodeveloper.omsystem.com\\\/?s={search_term_string}\"},\"query-input\":{\"@type\":\"PropertyValueSpecification\",\"valueRequired\":true,\"valueName\":\"search_term_string\"}}],\"inLanguage\":\"es\"}]}<\/script>\n<!-- \/ Yoast SEO plugin. -->","yoast_head_json":{"title":"Olympus SDK Access Inicio - Audio SDK Support","robots":{"index":"index","follow":"follow","max-snippet":"max-snippet:-1","max-image-preview":"max-image-preview:large","max-video-preview":"max-video-preview:-1"},"canonical":"https:\/\/audiodeveloper.omsystem.com\/es\/","og_locale":"es_ES","og_type":"article","og_title":"Olympus SDK Access Home - Audio SDK Support","og_description":"Does your company or organization utilize enterprise class software? Olympus offers a full Software Development Kit (SDK) to simplify the process of connecting your existing systems to Olympus hardware. Give your development team a head start with the Olympus Audio SDK. Specifically designed for intuitive integration and reducing development time and effort, the Olympus Audio [&hellip;]","og_url":"https:\/\/audiodeveloper.omsystem.com\/es\/","og_site_name":"Audio SDK Support","article_modified_time":"2024-04-10T21:34:34+00:00","og_image":[{"width":1920,"height":1165,"url":"https:\/\/audiodeveloper.omsystem.com\/wp-content\/uploads\/2021\/12\/ferenc-almasi-VPmMy8YA_cU-unsplash.jpg","type":"image\/jpeg"}],"twitter_card":"summary_large_image","twitter_misc":{"Tiempo de lectura":"3 minutos"},"schema":{"@context":"https:\/\/schema.org","@graph":[{"@type":"WebPage","@id":"https:\/\/audiodeveloper.omsystem.com\/","url":"https:\/\/audiodeveloper.omsystem.com\/","name":"Olympus SDK Access Inicio - Audio SDK Support","isPartOf":{"@id":"https:\/\/audiodeveloper.omsystem.com\/#website"},"primaryImageOfPage":{"@id":"https:\/\/audiodeveloper.omsystem.com\/#primaryimage"},"image":{"@id":"https:\/\/audiodeveloper.omsystem.com\/#primaryimage"},"thumbnailUrl":"https:\/\/audiodeveloper.omsystem.com\/wp-content\/uploads\/2021\/12\/ferenc-almasi-VPmMy8YA_cU-unsplash.jpg","datePublished":"2021-12-09T02:02:04+00:00","dateModified":"2024-04-10T21:34:34+00:00","breadcrumb":{"@id":"https:\/\/audiodeveloper.omsystem.com\/#breadcrumb"},"inLanguage":"es","potentialAction":[{"@type":"ReadAction","target":["https:\/\/audiodeveloper.omsystem.com\/"]}]},{"@type":"ImageObject","inLanguage":"es","@id":"https:\/\/audiodeveloper.omsystem.com\/#primaryimage","url":"https:\/\/audiodeveloper.omsystem.com\/wp-content\/uploads\/2021\/12\/ferenc-almasi-VPmMy8YA_cU-unsplash.jpg","contentUrl":"https:\/\/audiodeveloper.omsystem.com\/wp-content\/uploads\/2021\/12\/ferenc-almasi-VPmMy8YA_cU-unsplash.jpg","width":1920,"height":1165},{"@type":"BreadcrumbList","@id":"https:\/\/audiodeveloper.omsystem.com\/#breadcrumb","itemListElement":[{"@type":"ListItem","position":1,"name":"Home","item":"https:\/\/audiodeveloper.omsystem.com\/"},{"@type":"ListItem","position":2,"name":"Olympus SDK Access Home"}]},{"@type":"WebSite","@id":"https:\/\/audiodeveloper.omsystem.com\/#website","url":"https:\/\/audiodeveloper.omsystem.com\/","name":"Compatibilidad con SDK de audio","description":"OM Soluciones Digitales","potentialAction":[{"@type":"SearchAction","target":{"@type":"EntryPoint","urlTemplate":"https:\/\/audiodeveloper.omsystem.com\/?s={search_term_string}"},"query-input":{"@type":"PropertyValueSpecification","valueRequired":true,"valueName":"search_term_string"}}],"inLanguage":"es"}]}},"_links":{"self":[{"href":"https:\/\/audiodeveloper.omsystem.com\/es\/wp-json\/wp\/v2\/pages\/5","targetHints":{"allow":["GET"]}}],"collection":[{"href":"https:\/\/audiodeveloper.omsystem.com\/es\/wp-json\/wp\/v2\/pages"}],"about":[{"href":"https:\/\/audiodeveloper.omsystem.com\/es\/wp-json\/wp\/v2\/types\/page"}],"author":[{"embeddable":true,"href":"https:\/\/audiodeveloper.omsystem.com\/es\/wp-json\/wp\/v2\/users\/1"}],"replies":[{"embeddable":true,"href":"https:\/\/audiodeveloper.omsystem.com\/es\/wp-json\/wp\/v2\/comments?post=5"}],"version-history":[{"count":21,"href":"https:\/\/audiodeveloper.omsystem.com\/es\/wp-json\/wp\/v2\/pages\/5\/revisions"}],"predecessor-version":[{"id":1101,"href":"https:\/\/audiodeveloper.omsystem.com\/es\/wp-json\/wp\/v2\/pages\/5\/revisions\/1101"}],"wp:featuredmedia":[{"embeddable":true,"href":"https:\/\/audiodeveloper.omsystem.com\/es\/wp-json\/wp\/v2\/media\/195"}],"wp:attachment":[{"href":"https:\/\/audiodeveloper.omsystem.com\/es\/wp-json\/wp\/v2\/media?parent=5"}],"curies":[{"name":"wp","href":"https:\/\/api.w.org\/{rel}","templated":true}]}}